{"id":101,"date":"2023-08-06T18:16:02","date_gmt":"2023-08-06T16:16:02","guid":{"rendered":"https:\/\/mary-zen.be\/?page_id=101"},"modified":"2024-11-25T20:10:46","modified_gmt":"2024-11-25T19:10:46","slug":"massage-detente-et-soulagement-des-douleurs","status":"publish","type":"page","link":"https:\/\/mary-zen.be\/?page_id=101","title":{"rendered":"Massage d\u00e9tente et soulagement des douleurs"},"content":{"rendered":"\n<div class=\"wp-block-columns is-layout-flex wp-container-core-columns-is-layout-9d6595d7 wp-block-columns-is-layout-flex\">\n<div class=\"wp-block-column is-layout-flow wp-block-column-is-layout-flow\" style=\"flex-basis:50%\">\n<figure class=\"wp-block-image size-full\"><img loading=\"lazy\" decoding=\"async\" width=\"640\" height=\"480\" src=\"https:\/\/mary-zen.be\/wp-content\/uploads\/2023\/08\/massage_douleurs.png\" alt=\"\" class=\"wp-image-137\" srcset=\"https:\/\/mary-zen.be\/wp-content\/uploads\/2023\/08\/massage_douleurs.png 640w, https:\/\/mary-zen.be\/wp-content\/uploads\/2023\/08\/massage_douleurs-300x225.png 300w, https:\/\/mary-zen.be\/wp-content\/uploads\/2023\/08\/massage_douleurs-80x60.png 80w, https:\/\/mary-zen.be\/wp-content\/uploads\/2023\/08\/massage_douleurs-110x83.png 110w\" sizes=\"auto, (max-width: 640px) 100vw, 640px\" \/><\/figure>\n<\/div>\n\n\n\n<div class=\"wp-block-column is-vertically-aligned-bottom is-layout-flow wp-block-column-is-layout-flow\" style=\"flex-basis:50%\">\n<ul class=\"wp-block-list\">\n<li><strong>Dur\u00e9e<\/strong>: 60 minutes<\/li>\n\n\n\n<li><strong>Prix<\/strong>: \u20ac60<\/li>\n<\/ul>\n<\/div>\n<\/div>\n\n\n\n<p>Quand le toucher devient confort<br>Le massage et le toucher du corps soulagent et provoquent une d\u00e9tente.<br>Cette technique est b\u00e9n\u00e9fique aux personnes souffrant de fibromyalgie ou tout autres maladies incurables et\/ou \u00e9volutives tels que arthrose, arthrite, arthralgie\u2026.<br>Cette m\u00e9thode permet de recevoir une s\u00e9ance de massage tout en respectant l\u2019inconfort de vos sympt\u00f4mes<br>Il s\u2019agit d\u2019une m\u00e9thode de travail alliant des man\u0153uvres manuelles douces et l\u2019utilisation d\u2019un manchon de mousse.<br>Ce massage est adapt\u00e9 aux corps en souffrance.<\/p>\n","protected":false},"excerpt":{"rendered":"<p>Quand le toucher devient confortLe massage et le toucher du corps soulagent et provoquent une d\u00e9tente.Cette technique est b\u00e9n\u00e9fique aux personnes souffrant de fibromyalgie ou tout autres maladies incurables et\/ou &hellip; <\/p>\n","protected":false},"author":1,"featured_media":0,"parent":0,"menu_order":0,"comment_status":"closed","ping_status":"closed","template":"","meta":{"footnotes":""},"class_list":["post-101","page","type-page","status-publish","hentry"],"yoast_head":"<!-- This site is optimized with the Yoast SEO plugin v24.7 - https:\/\/yoast.com\/wordpress\/plugins\/seo\/ -->\n<title>Massage d\u00e9tente et soulagement des douleurs - Mary-zen.be<\/title>\n<meta name=\"robots\" content=\"index, follow, max-snippet:-1, max-image-preview:large, max-video-preview:-1\" \/>\n<link rel=\"canonical\" href=\"https:\/\/mary-zen.be\/?page_id=101\" \/>\n<meta property=\"og:locale\" content=\"en_US\" \/>\n<meta property=\"og:type\" content=\"article\" \/>\n<meta property=\"og:title\" content=\"Massage d\u00e9tente et soulagement des douleurs - Mary-zen.be\" \/>\n<meta property=\"og:description\" content=\"Quand le toucher devient confortLe massage et le toucher du corps soulagent et provoquent une d\u00e9tente.Cette technique est b\u00e9n\u00e9fique aux personnes souffrant de fibromyalgie ou tout autres maladies incurables et\/ou &hellip;\" \/>\n<meta property=\"og:url\" content=\"https:\/\/mary-zen.be\/?page_id=101\" \/>\n<meta property=\"og:site_name\" content=\"Mary-zen.be\" \/>\n<meta property=\"article:modified_time\" content=\"2024-11-25T19:10:46+00:00\" \/>\n<meta property=\"og:image\" content=\"https:\/\/mary-zen.be\/wp-content\/uploads\/2023\/08\/massage_douleurs.png\" \/>\n\t<meta property=\"og:image:width\" content=\"640\" \/>\n\t<meta property=\"og:image:height\" content=\"480\" \/>\n\t<meta property=\"og:image:type\" content=\"image\/png\" \/>\n<meta name=\"twitter:card\" content=\"summary_large_image\" \/>\n<meta name=\"twitter:label1\" content=\"Est. reading time\" \/>\n\t<meta name=\"twitter:data1\" content=\"1 minute\" \/>\n<script type=\"application\/ld+json\" class=\"yoast-schema-graph\">{\"@context\":\"https:\/\/schema.org\",\"@graph\":[{\"@type\":\"WebPage\",\"@id\":\"https:\/\/mary-zen.be\/?page_id=101\",\"url\":\"https:\/\/mary-zen.be\/?page_id=101\",\"name\":\"Massage d\u00e9tente et soulagement des douleurs - Mary-zen.be\",\"isPartOf\":{\"@id\":\"https:\/\/mary-zen.be\/#website\"},\"primaryImageOfPage\":{\"@id\":\"https:\/\/mary-zen.be\/?page_id=101#primaryimage\"},\"image\":{\"@id\":\"https:\/\/mary-zen.be\/?page_id=101#primaryimage\"},\"thumbnailUrl\":\"https:\/\/mary-zen.be\/wp-content\/uploads\/2023\/08\/massage_douleurs.png\",\"datePublished\":\"2023-08-06T16:16:02+00:00\",\"dateModified\":\"2024-11-25T19:10:46+00:00\",\"breadcrumb\":{\"@id\":\"https:\/\/mary-zen.be\/?page_id=101#breadcrumb\"},\"inLanguage\":\"en-US\",\"potentialAction\":[{\"@type\":\"ReadAction\",\"target\":[\"https:\/\/mary-zen.be\/?page_id=101\"]}]},{\"@type\":\"ImageObject\",\"inLanguage\":\"en-US\",\"@id\":\"https:\/\/mary-zen.be\/?page_id=101#primaryimage\",\"url\":\"https:\/\/mary-zen.be\/wp-content\/uploads\/2023\/08\/massage_douleurs.png\",\"contentUrl\":\"https:\/\/mary-zen.be\/wp-content\/uploads\/2023\/08\/massage_douleurs.png\",\"width\":640,\"height\":480},{\"@type\":\"BreadcrumbList\",\"@id\":\"https:\/\/mary-zen.be\/?page_id=101#breadcrumb\",\"itemListElement\":[{\"@type\":\"ListItem\",\"position\":1,\"name\":\"Accueil\",\"item\":\"https:\/\/mary-zen.be\/\"},{\"@type\":\"ListItem\",\"position\":2,\"name\":\"Massage d\u00e9tente et soulagement des douleurs\"}]},{\"@type\":\"WebSite\",\"@id\":\"https:\/\/mary-zen.be\/#website\",\"url\":\"https:\/\/mary-zen.be\/\",\"name\":\"Mary-zen.be\",\"description\":\"\",\"potentialAction\":[{\"@type\":\"SearchAction\",\"target\":{\"@type\":\"EntryPoint\",\"urlTemplate\":\"https:\/\/mary-zen.be\/?s={search_term_string}\"},\"query-input\":{\"@type\":\"PropertyValueSpecification\",\"valueRequired\":true,\"valueName\":\"search_term_string\"}}],\"inLanguage\":\"en-US\"}]}<\/script>\n<!-- \/ Yoast SEO plugin. -->","yoast_head_json":{"title":"Massage d\u00e9tente et soulagement des douleurs - Mary-zen.be","robots":{"index":"index","follow":"follow","max-snippet":"max-snippet:-1","max-image-preview":"max-image-preview:large","max-video-preview":"max-video-preview:-1"},"canonical":"https:\/\/mary-zen.be\/?page_id=101","og_locale":"en_US","og_type":"article","og_title":"Massage d\u00e9tente et soulagement des douleurs - Mary-zen.be","og_description":"Quand le toucher devient confortLe massage et le toucher du corps soulagent et provoquent une d\u00e9tente.Cette technique est b\u00e9n\u00e9fique aux personnes souffrant de fibromyalgie ou tout autres maladies incurables et\/ou &hellip;","og_url":"https:\/\/mary-zen.be\/?page_id=101","og_site_name":"Mary-zen.be","article_modified_time":"2024-11-25T19:10:46+00:00","og_image":[{"width":640,"height":480,"url":"https:\/\/mary-zen.be\/wp-content\/uploads\/2023\/08\/massage_douleurs.png","type":"image\/png"}],"twitter_card":"summary_large_image","twitter_misc":{"Est. reading time":"1 minute"},"schema":{"@context":"https:\/\/schema.org","@graph":[{"@type":"WebPage","@id":"https:\/\/mary-zen.be\/?page_id=101","url":"https:\/\/mary-zen.be\/?page_id=101","name":"Massage d\u00e9tente et soulagement des douleurs - Mary-zen.be","isPartOf":{"@id":"https:\/\/mary-zen.be\/#website"},"primaryImageOfPage":{"@id":"https:\/\/mary-zen.be\/?page_id=101#primaryimage"},"image":{"@id":"https:\/\/mary-zen.be\/?page_id=101#primaryimage"},"thumbnailUrl":"https:\/\/mary-zen.be\/wp-content\/uploads\/2023\/08\/massage_douleurs.png","datePublished":"2023-08-06T16:16:02+00:00","dateModified":"2024-11-25T19:10:46+00:00","breadcrumb":{"@id":"https:\/\/mary-zen.be\/?page_id=101#breadcrumb"},"inLanguage":"en-US","potentialAction":[{"@type":"ReadAction","target":["https:\/\/mary-zen.be\/?page_id=101"]}]},{"@type":"ImageObject","inLanguage":"en-US","@id":"https:\/\/mary-zen.be\/?page_id=101#primaryimage","url":"https:\/\/mary-zen.be\/wp-content\/uploads\/2023\/08\/massage_douleurs.png","contentUrl":"https:\/\/mary-zen.be\/wp-content\/uploads\/2023\/08\/massage_douleurs.png","width":640,"height":480},{"@type":"BreadcrumbList","@id":"https:\/\/mary-zen.be\/?page_id=101#breadcrumb","itemListElement":[{"@type":"ListItem","position":1,"name":"Accueil","item":"https:\/\/mary-zen.be\/"},{"@type":"ListItem","position":2,"name":"Massage d\u00e9tente et soulagement des douleurs"}]},{"@type":"WebSite","@id":"https:\/\/mary-zen.be\/#website","url":"https:\/\/mary-zen.be\/","name":"Mary-zen.be","description":"","potentialAction":[{"@type":"SearchAction","target":{"@type":"EntryPoint","urlTemplate":"https:\/\/mary-zen.be\/?s={search_term_string}"},"query-input":{"@type":"PropertyValueSpecification","valueRequired":true,"valueName":"search_term_string"}}],"inLanguage":"en-US"}]}},"_links":{"self":[{"href":"https:\/\/mary-zen.be\/index.php?rest_route=\/wp\/v2\/pages\/101","targetHints":{"allow":["GET"]}}],"collection":[{"href":"https:\/\/mary-zen.be\/index.php?rest_route=\/wp\/v2\/pages"}],"about":[{"href":"https:\/\/mary-zen.be\/index.php?rest_route=\/wp\/v2\/types\/page"}],"author":[{"embeddable":true,"href":"https:\/\/mary-zen.be\/index.php?rest_route=\/wp\/v2\/users\/1"}],"replies":[{"embeddable":true,"href":"https:\/\/mary-zen.be\/index.php?rest_route=%2Fwp%2Fv2%2Fcomments&post=101"}],"version-history":[{"count":4,"href":"https:\/\/mary-zen.be\/index.php?rest_route=\/wp\/v2\/pages\/101\/revisions"}],"predecessor-version":[{"id":309,"href":"https:\/\/mary-zen.be\/index.php?rest_route=\/wp\/v2\/pages\/101\/revisions\/309"}],"wp:attachment":[{"href":"https:\/\/mary-zen.be\/index.php?rest_route=%2Fwp%2Fv2%2Fmedia&parent=101"}],"curies":[{"name":"wp","href":"https:\/\/api.w.org\/{rel}","templated":true}]}}