{"id":110,"date":"2023-08-06T18:26:31","date_gmt":"2023-08-06T16:26:31","guid":{"rendered":"https:\/\/mary-zen.be\/?page_id=110"},"modified":"2024-12-02T19:47:56","modified_gmt":"2024-12-02T18:47:56","slug":"massages-2","status":"publish","type":"page","link":"https:\/\/mary-zen.be\/?page_id=110","title":{"rendered":"Massages"},"content":{"rendered":"\n<p>Le massage est une pratique ancestrale qui offre de nombreux bienfaits pour le corps et l&#8217;esprit. Cette technique de manipulation permet de relaxer les muscles tendus, de soulager les douleurs et de d\u00e9tendre l&#8217;ensemble du corps.<br>Les mouvements fluides et r\u00e9guliers des mains du masseur permettent de rel\u00e2cher les contractions musculaires, ce qui entra\u00eene une sensation agr\u00e9able de rel\u00e2chement et de d\u00e9contraction.<br>Au-del\u00e0 des bienfaits physiques, le massage apaise \u00e9galement l&#8217;esprit. Dans un monde o\u00f9 le stress est omnipr\u00e9sent, prendre le temps de se d\u00e9tendre et de se faire masser permet de lib\u00e9rer les pens\u00e9es n\u00e9gatives, de r\u00e9duire l&#8217;anxi\u00e9t\u00e9 et d&#8217;am\u00e9liorer l&#8217;humeur. Le massage favorise ainsi un \u00e9tat de bien-\u00eatre mental et \u00e9motionnel, permettant de retrouver calme et s\u00e9r\u00e9nit\u00e9.<\/p>\n\n\n\n<ul class=\"wp-block-list\">\n<li><a href=\"https:\/\/mary-zen.be\/?page_id=93\" data-type=\"page\" data-id=\"93\">Massage des 5 Continents<\/a><\/li>\n\n\n\n<li><a href=\"https:\/\/mary-zen.be\/?page_id=101\" data-type=\"page\" data-id=\"101\">Massage d\u00e9tente et soulagement de la douleur<\/a><\/li>\n\n\n\n<li><a href=\"https:\/\/mary-zen.be\/?page_id=270\" data-type=\"page\" data-id=\"270\">Massage Zen-Attitude<\/a><\/li>\n<\/ul>\n\n\n\n<p><\/p>\n","protected":false},"excerpt":{"rendered":"<p>Le massage est une pratique ancestrale qui offre de nombreux bienfaits pour le corps et l&#8217;esprit. Cette technique de manipulation permet de relaxer les muscles tendus, de soulager les douleurs &hellip; <\/p>\n","protected":false},"author":1,"featured_media":0,"parent":0,"menu_order":0,"comment_status":"closed","ping_status":"closed","template":"","meta":{"footnotes":""},"class_list":["post-110","page","type-page","status-publish","hentry"],"yoast_head":"<!-- This site is optimized with the Yoast SEO plugin v24.7 - https:\/\/yoast.com\/wordpress\/plugins\/seo\/ -->\n<title>Massages - Mary-zen.be<\/title>\n<meta name=\"robots\" content=\"index, follow, max-snippet:-1, max-image-preview:large, max-video-preview:-1\" \/>\n<link rel=\"canonical\" href=\"https:\/\/mary-zen.be\/?page_id=110\" \/>\n<meta property=\"og:locale\" content=\"en_US\" \/>\n<meta property=\"og:type\" content=\"article\" \/>\n<meta property=\"og:title\" content=\"Massages - Mary-zen.be\" \/>\n<meta property=\"og:description\" content=\"Le massage est une pratique ancestrale qui offre de nombreux bienfaits pour le corps et l&#8217;esprit. Cette technique de manipulation permet de relaxer les muscles tendus, de soulager les douleurs &hellip;\" \/>\n<meta property=\"og:url\" content=\"https:\/\/mary-zen.be\/?page_id=110\" \/>\n<meta property=\"og:site_name\" content=\"Mary-zen.be\" \/>\n<meta property=\"article:modified_time\" content=\"2024-12-02T18:47:56+00:00\" \/>\n<meta name=\"twitter:card\" content=\"summary_large_image\" \/>\n<meta name=\"twitter:label1\" content=\"Est. reading time\" \/>\n\t<meta name=\"twitter:data1\" content=\"1 minute\" \/>\n<script type=\"application\/ld+json\" class=\"yoast-schema-graph\">{\"@context\":\"https:\/\/schema.org\",\"@graph\":[{\"@type\":\"WebPage\",\"@id\":\"https:\/\/mary-zen.be\/?page_id=110\",\"url\":\"https:\/\/mary-zen.be\/?page_id=110\",\"name\":\"Massages - Mary-zen.be\",\"isPartOf\":{\"@id\":\"https:\/\/mary-zen.be\/#website\"},\"datePublished\":\"2023-08-06T16:26:31+00:00\",\"dateModified\":\"2024-12-02T18:47:56+00:00\",\"breadcrumb\":{\"@id\":\"https:\/\/mary-zen.be\/?page_id=110#breadcrumb\"},\"inLanguage\":\"en-US\",\"potentialAction\":[{\"@type\":\"ReadAction\",\"target\":[\"https:\/\/mary-zen.be\/?page_id=110\"]}]},{\"@type\":\"BreadcrumbList\",\"@id\":\"https:\/\/mary-zen.be\/?page_id=110#breadcrumb\",\"itemListElement\":[{\"@type\":\"ListItem\",\"position\":1,\"name\":\"Accueil\",\"item\":\"https:\/\/mary-zen.be\/\"},{\"@type\":\"ListItem\",\"position\":2,\"name\":\"Massages\"}]},{\"@type\":\"WebSite\",\"@id\":\"https:\/\/mary-zen.be\/#website\",\"url\":\"https:\/\/mary-zen.be\/\",\"name\":\"Mary-zen.be\",\"description\":\"\",\"potentialAction\":[{\"@type\":\"SearchAction\",\"target\":{\"@type\":\"EntryPoint\",\"urlTemplate\":\"https:\/\/mary-zen.be\/?s={search_term_string}\"},\"query-input\":{\"@type\":\"PropertyValueSpecification\",\"valueRequired\":true,\"valueName\":\"search_term_string\"}}],\"inLanguage\":\"en-US\"}]}<\/script>\n<!-- \/ Yoast SEO plugin. -->","yoast_head_json":{"title":"Massages - Mary-zen.be","robots":{"index":"index","follow":"follow","max-snippet":"max-snippet:-1","max-image-preview":"max-image-preview:large","max-video-preview":"max-video-preview:-1"},"canonical":"https:\/\/mary-zen.be\/?page_id=110","og_locale":"en_US","og_type":"article","og_title":"Massages - Mary-zen.be","og_description":"Le massage est une pratique ancestrale qui offre de nombreux bienfaits pour le corps et l&#8217;esprit. Cette technique de manipulation permet de relaxer les muscles tendus, de soulager les douleurs &hellip;","og_url":"https:\/\/mary-zen.be\/?page_id=110","og_site_name":"Mary-zen.be","article_modified_time":"2024-12-02T18:47:56+00:00","twitter_card":"summary_large_image","twitter_misc":{"Est. reading time":"1 minute"},"schema":{"@context":"https:\/\/schema.org","@graph":[{"@type":"WebPage","@id":"https:\/\/mary-zen.be\/?page_id=110","url":"https:\/\/mary-zen.be\/?page_id=110","name":"Massages - Mary-zen.be","isPartOf":{"@id":"https:\/\/mary-zen.be\/#website"},"datePublished":"2023-08-06T16:26:31+00:00","dateModified":"2024-12-02T18:47:56+00:00","breadcrumb":{"@id":"https:\/\/mary-zen.be\/?page_id=110#breadcrumb"},"inLanguage":"en-US","potentialAction":[{"@type":"ReadAction","target":["https:\/\/mary-zen.be\/?page_id=110"]}]},{"@type":"BreadcrumbList","@id":"https:\/\/mary-zen.be\/?page_id=110#breadcrumb","itemListElement":[{"@type":"ListItem","position":1,"name":"Accueil","item":"https:\/\/mary-zen.be\/"},{"@type":"ListItem","position":2,"name":"Massages"}]},{"@type":"WebSite","@id":"https:\/\/mary-zen.be\/#website","url":"https:\/\/mary-zen.be\/","name":"Mary-zen.be","description":"","potentialAction":[{"@type":"SearchAction","target":{"@type":"EntryPoint","urlTemplate":"https:\/\/mary-zen.be\/?s={search_term_string}"},"query-input":{"@type":"PropertyValueSpecification","valueRequired":true,"valueName":"search_term_string"}}],"inLanguage":"en-US"}]}},"_links":{"self":[{"href":"https:\/\/mary-zen.be\/index.php?rest_route=\/wp\/v2\/pages\/110","targetHints":{"allow":["GET"]}}],"collection":[{"href":"https:\/\/mary-zen.be\/index.php?rest_route=\/wp\/v2\/pages"}],"about":[{"href":"https:\/\/mary-zen.be\/index.php?rest_route=\/wp\/v2\/types\/page"}],"author":[{"embeddable":true,"href":"https:\/\/mary-zen.be\/index.php?rest_route=\/wp\/v2\/users\/1"}],"replies":[{"embeddable":true,"href":"https:\/\/mary-zen.be\/index.php?rest_route=%2Fwp%2Fv2%2Fcomments&post=110"}],"version-history":[{"count":5,"href":"https:\/\/mary-zen.be\/index.php?rest_route=\/wp\/v2\/pages\/110\/revisions"}],"predecessor-version":[{"id":350,"href":"https:\/\/mary-zen.be\/index.php?rest_route=\/wp\/v2\/pages\/110\/revisions\/350"}],"wp:attachment":[{"href":"https:\/\/mary-zen.be\/index.php?rest_route=%2Fwp%2Fv2%2Fmedia&parent=110"}],"curies":[{"name":"wp","href":"https:\/\/api.w.org\/{rel}","templated":true}]}}