{"id":257,"date":"2023-11-26T11:38:27","date_gmt":"2023-11-26T10:38:27","guid":{"rendered":"https:\/\/mary-zen.be\/?page_id=257"},"modified":"2023-11-26T11:38:27","modified_gmt":"2023-11-26T10:38:27","slug":"hypnose-therapeutique","status":"publish","type":"page","link":"https:\/\/mary-zen.be\/?page_id=257","title":{"rendered":"Hypnose th\u00e9rapeutique"},"content":{"rendered":"\n<p>L&#8217;hypnose est une technique de plus en plus reconnue pour ses nombreux bienfaits sur le bien-\u00eatre mental. En permettant d&#8217;acc\u00e9der \u00e0 l&#8217;inconscient, elle offre une v\u00e9ritable porte d&#8217;entr\u00e9e vers la gu\u00e9rison et la transformation int\u00e9rieure.<\/p>\n\n\n\n<p>Elle permet de soulager de nombreux probl\u00e8mes tels que certaines adictions (cigarette), des phobies ou encore de rendre certaines douleurs plus suportables. Elle peut \u00e9galement aider \u00e0 maitriser les probl\u00e8mes de prise de poids.<\/p>\n\n\n\n<p>De plus, l&#8217;hypnose favorise \u00e9galement l&#8217;estime de soi et la confiance en soi. En travaillant sur nos croyances limitantes et en renfor\u00e7ant notre vision positive de nous-m\u00eames, elle permet de d\u00e9velopper un rapport plus harmonieux avec notre propre personne. Elle aide ainsi \u00e0 se lib\u00e9rer des sch\u00e9mas n\u00e9gatifs et \u00e0 adopter une attitude plus constructive dans notre vie quotidienne; elle est souvent utilis\u00e9e dans les sessions de coaching.<\/p>\n\n\n\n<p>Enfin, l&#8217;hypnose peut \u00e9galement \u00eatre utilis\u00e9e pour am\u00e9liorer nos performances mentales. Que ce soit dans le domaine de l&#8217;apprentissage, du sport, ou m\u00eame du travail, elle peut nous aider \u00e0 d\u00e9velopper notre concentration, notre motivation et notre cr\u00e9ativit\u00e9. Elle permet ainsi de lib\u00e9rer notre potentiel et d&#8217;atteindre nos objectifs plus facilement.<\/p>\n","protected":false},"excerpt":{"rendered":"<p>L&#8217;hypnose est une technique de plus en plus reconnue pour ses nombreux bienfaits sur le bien-\u00eatre mental. En permettant d&#8217;acc\u00e9der \u00e0 l&#8217;inconscient, elle offre une v\u00e9ritable porte d&#8217;entr\u00e9e vers la &hellip; <\/p>\n","protected":false},"author":1,"featured_media":0,"parent":0,"menu_order":0,"comment_status":"closed","ping_status":"closed","template":"","meta":{"footnotes":""},"class_list":["post-257","page","type-page","status-publish","hentry"],"yoast_head":"<!-- This site is optimized with the Yoast SEO plugin v24.7 - https:\/\/yoast.com\/wordpress\/plugins\/seo\/ -->\n<title>Hypnose th\u00e9rapeutique - Mary-zen.be<\/title>\n<meta name=\"robots\" content=\"index, follow, max-snippet:-1, max-image-preview:large, max-video-preview:-1\" \/>\n<link rel=\"canonical\" href=\"https:\/\/mary-zen.be\/?page_id=257\" \/>\n<meta property=\"og:locale\" content=\"en_US\" \/>\n<meta property=\"og:type\" content=\"article\" \/>\n<meta property=\"og:title\" content=\"Hypnose th\u00e9rapeutique - Mary-zen.be\" \/>\n<meta property=\"og:description\" content=\"L&#8217;hypnose est une technique de plus en plus reconnue pour ses nombreux bienfaits sur le bien-\u00eatre mental. En permettant d&#8217;acc\u00e9der \u00e0 l&#8217;inconscient, elle offre une v\u00e9ritable porte d&#8217;entr\u00e9e vers la &hellip;\" \/>\n<meta property=\"og:url\" content=\"https:\/\/mary-zen.be\/?page_id=257\" \/>\n<meta property=\"og:site_name\" content=\"Mary-zen.be\" \/>\n<meta name=\"twitter:card\" content=\"summary_large_image\" \/>\n<meta name=\"twitter:label1\" content=\"Est. reading time\" \/>\n\t<meta name=\"twitter:data1\" content=\"1 minute\" \/>\n<script type=\"application\/ld+json\" class=\"yoast-schema-graph\">{\"@context\":\"https:\/\/schema.org\",\"@graph\":[{\"@type\":\"WebPage\",\"@id\":\"https:\/\/mary-zen.be\/?page_id=257\",\"url\":\"https:\/\/mary-zen.be\/?page_id=257\",\"name\":\"Hypnose th\u00e9rapeutique - Mary-zen.be\",\"isPartOf\":{\"@id\":\"https:\/\/mary-zen.be\/#website\"},\"datePublished\":\"2023-11-26T10:38:27+00:00\",\"breadcrumb\":{\"@id\":\"https:\/\/mary-zen.be\/?page_id=257#breadcrumb\"},\"inLanguage\":\"en-US\",\"potentialAction\":[{\"@type\":\"ReadAction\",\"target\":[\"https:\/\/mary-zen.be\/?page_id=257\"]}]},{\"@type\":\"BreadcrumbList\",\"@id\":\"https:\/\/mary-zen.be\/?page_id=257#breadcrumb\",\"itemListElement\":[{\"@type\":\"ListItem\",\"position\":1,\"name\":\"Accueil\",\"item\":\"https:\/\/mary-zen.be\/\"},{\"@type\":\"ListItem\",\"position\":2,\"name\":\"Hypnose th\u00e9rapeutique\"}]},{\"@type\":\"WebSite\",\"@id\":\"https:\/\/mary-zen.be\/#website\",\"url\":\"https:\/\/mary-zen.be\/\",\"name\":\"Mary-zen.be\",\"description\":\"\",\"potentialAction\":[{\"@type\":\"SearchAction\",\"target\":{\"@type\":\"EntryPoint\",\"urlTemplate\":\"https:\/\/mary-zen.be\/?s={search_term_string}\"},\"query-input\":{\"@type\":\"PropertyValueSpecification\",\"valueRequired\":true,\"valueName\":\"search_term_string\"}}],\"inLanguage\":\"en-US\"}]}<\/script>\n<!-- \/ Yoast SEO plugin. -->","yoast_head_json":{"title":"Hypnose th\u00e9rapeutique - Mary-zen.be","robots":{"index":"index","follow":"follow","max-snippet":"max-snippet:-1","max-image-preview":"max-image-preview:large","max-video-preview":"max-video-preview:-1"},"canonical":"https:\/\/mary-zen.be\/?page_id=257","og_locale":"en_US","og_type":"article","og_title":"Hypnose th\u00e9rapeutique - Mary-zen.be","og_description":"L&#8217;hypnose est une technique de plus en plus reconnue pour ses nombreux bienfaits sur le bien-\u00eatre mental. En permettant d&#8217;acc\u00e9der \u00e0 l&#8217;inconscient, elle offre une v\u00e9ritable porte d&#8217;entr\u00e9e vers la &hellip;","og_url":"https:\/\/mary-zen.be\/?page_id=257","og_site_name":"Mary-zen.be","twitter_card":"summary_large_image","twitter_misc":{"Est. reading time":"1 minute"},"schema":{"@context":"https:\/\/schema.org","@graph":[{"@type":"WebPage","@id":"https:\/\/mary-zen.be\/?page_id=257","url":"https:\/\/mary-zen.be\/?page_id=257","name":"Hypnose th\u00e9rapeutique - Mary-zen.be","isPartOf":{"@id":"https:\/\/mary-zen.be\/#website"},"datePublished":"2023-11-26T10:38:27+00:00","breadcrumb":{"@id":"https:\/\/mary-zen.be\/?page_id=257#breadcrumb"},"inLanguage":"en-US","potentialAction":[{"@type":"ReadAction","target":["https:\/\/mary-zen.be\/?page_id=257"]}]},{"@type":"BreadcrumbList","@id":"https:\/\/mary-zen.be\/?page_id=257#breadcrumb","itemListElement":[{"@type":"ListItem","position":1,"name":"Accueil","item":"https:\/\/mary-zen.be\/"},{"@type":"ListItem","position":2,"name":"Hypnose th\u00e9rapeutique"}]},{"@type":"WebSite","@id":"https:\/\/mary-zen.be\/#website","url":"https:\/\/mary-zen.be\/","name":"Mary-zen.be","description":"","potentialAction":[{"@type":"SearchAction","target":{"@type":"EntryPoint","urlTemplate":"https:\/\/mary-zen.be\/?s={search_term_string}"},"query-input":{"@type":"PropertyValueSpecification","valueRequired":true,"valueName":"search_term_string"}}],"inLanguage":"en-US"}]}},"_links":{"self":[{"href":"https:\/\/mary-zen.be\/index.php?rest_route=\/wp\/v2\/pages\/257","targetHints":{"allow":["GET"]}}],"collection":[{"href":"https:\/\/mary-zen.be\/index.php?rest_route=\/wp\/v2\/pages"}],"about":[{"href":"https:\/\/mary-zen.be\/index.php?rest_route=\/wp\/v2\/types\/page"}],"author":[{"embeddable":true,"href":"https:\/\/mary-zen.be\/index.php?rest_route=\/wp\/v2\/users\/1"}],"replies":[{"embeddable":true,"href":"https:\/\/mary-zen.be\/index.php?rest_route=%2Fwp%2Fv2%2Fcomments&post=257"}],"version-history":[{"count":1,"href":"https:\/\/mary-zen.be\/index.php?rest_route=\/wp\/v2\/pages\/257\/revisions"}],"predecessor-version":[{"id":258,"href":"https:\/\/mary-zen.be\/index.php?rest_route=\/wp\/v2\/pages\/257\/revisions\/258"}],"wp:attachment":[{"href":"https:\/\/mary-zen.be\/index.php?rest_route=%2Fwp%2Fv2%2Fmedia&parent=257"}],"curies":[{"name":"wp","href":"https:\/\/api.w.org\/{rel}","templated":true}]}}