{"id":270,"date":"2024-03-25T19:30:32","date_gmt":"2024-03-25T18:30:32","guid":{"rendered":"https:\/\/mary-zen.be\/?page_id=270"},"modified":"2024-11-25T20:08:21","modified_gmt":"2024-11-25T19:08:21","slug":"massage-zen-attitude","status":"publish","type":"page","link":"https:\/\/mary-zen.be\/?page_id=270","title":{"rendered":"Massage Zen-Attitude"},"content":{"rendered":"\n<div class=\"wp-block-columns is-layout-flex wp-container-core-columns-is-layout-9d6595d7 wp-block-columns-is-layout-flex\">\n<div class=\"wp-block-column is-layout-flow wp-block-column-is-layout-flow\" style=\"flex-basis:50%\">\n<figure class=\"wp-block-image size-large\"><img loading=\"lazy\" decoding=\"async\" width=\"1024\" height=\"682\" src=\"https:\/\/mary-zen.be\/wp-content\/uploads\/2023\/08\/massage-therapy-1612308_1280-1024x682.jpg\" alt=\"\" class=\"wp-image-163\" srcset=\"https:\/\/mary-zen.be\/wp-content\/uploads\/2023\/08\/massage-therapy-1612308_1280-1024x682.jpg 1024w, https:\/\/mary-zen.be\/wp-content\/uploads\/2023\/08\/massage-therapy-1612308_1280-300x200.jpg 300w, https:\/\/mary-zen.be\/wp-content\/uploads\/2023\/08\/massage-therapy-1612308_1280-768x512.jpg 768w, https:\/\/mary-zen.be\/wp-content\/uploads\/2023\/08\/massage-therapy-1612308_1280-90x60.jpg 90w, https:\/\/mary-zen.be\/wp-content\/uploads\/2023\/08\/massage-therapy-1612308_1280-370x247.jpg 370w, https:\/\/mary-zen.be\/wp-content\/uploads\/2023\/08\/massage-therapy-1612308_1280-776x517.jpg 776w, https:\/\/mary-zen.be\/wp-content\/uploads\/2023\/08\/massage-therapy-1612308_1280.jpg 1280w\" sizes=\"auto, (max-width: 1024px) 100vw, 1024px\" \/><\/figure>\n<\/div>\n\n\n\n<div class=\"wp-block-column is-vertically-aligned-bottom is-layout-flow wp-block-column-is-layout-flow\" style=\"flex-basis:50%\">\n<ul class=\"wp-block-list\">\n<li><strong>Dur\u00e9e<\/strong>: 90 minutes<\/li>\n\n\n\n<li><strong>Prix<\/strong>: \u20ac80<\/li>\n<\/ul>\n<\/div>\n<\/div>\n\n\n\n<p>J&#8217;ai d\u00e9velopp\u00e9 ce massage lors de mes cours. C&#8217;est un massage d\u00e9tente avec une touche d&#8217;\u00e9nergie.<\/p>\n\n\n\n<p><\/p>\n","protected":false},"excerpt":{"rendered":"<p>J&#8217;ai d\u00e9velopp\u00e9 ce massage lors de mes cours. C&#8217;est un massage d\u00e9tente avec une touche d&#8217;\u00e9nergie.<\/p>\n","protected":false},"author":1,"featured_media":0,"parent":0,"menu_order":0,"comment_status":"closed","ping_status":"closed","template":"","meta":{"footnotes":""},"class_list":["post-270","page","type-page","status-publish","hentry"],"yoast_head":"<!-- This site is optimized with the Yoast SEO plugin v24.7 - https:\/\/yoast.com\/wordpress\/plugins\/seo\/ -->\n<title>Massage Zen-Attitude - Mary-zen.be<\/title>\n<meta name=\"robots\" content=\"index, follow, max-snippet:-1, max-image-preview:large, max-video-preview:-1\" \/>\n<link rel=\"canonical\" href=\"https:\/\/mary-zen.be\/?page_id=270\" \/>\n<meta property=\"og:locale\" content=\"en_US\" \/>\n<meta property=\"og:type\" content=\"article\" \/>\n<meta property=\"og:title\" content=\"Massage Zen-Attitude - Mary-zen.be\" \/>\n<meta property=\"og:description\" content=\"J&#8217;ai d\u00e9velopp\u00e9 ce massage lors de mes cours. C&#8217;est un massage d\u00e9tente avec une touche d&#8217;\u00e9nergie.\" \/>\n<meta property=\"og:url\" content=\"https:\/\/mary-zen.be\/?page_id=270\" \/>\n<meta property=\"og:site_name\" content=\"Mary-zen.be\" \/>\n<meta property=\"article:modified_time\" content=\"2024-11-25T19:08:21+00:00\" \/>\n<meta property=\"og:image\" content=\"https:\/\/mary-zen.be\/wp-content\/uploads\/2023\/08\/massage-therapy-1612308_1280.jpg\" \/>\n\t<meta property=\"og:image:width\" content=\"1280\" \/>\n\t<meta property=\"og:image:height\" content=\"853\" \/>\n\t<meta property=\"og:image:type\" content=\"image\/jpeg\" \/>\n<meta name=\"twitter:card\" content=\"summary_large_image\" \/>\n<meta name=\"twitter:label1\" content=\"Est. reading time\" \/>\n\t<meta name=\"twitter:data1\" content=\"1 minute\" \/>\n<script type=\"application\/ld+json\" class=\"yoast-schema-graph\">{\"@context\":\"https:\/\/schema.org\",\"@graph\":[{\"@type\":\"WebPage\",\"@id\":\"https:\/\/mary-zen.be\/?page_id=270\",\"url\":\"https:\/\/mary-zen.be\/?page_id=270\",\"name\":\"Massage Zen-Attitude - Mary-zen.be\",\"isPartOf\":{\"@id\":\"https:\/\/mary-zen.be\/#website\"},\"primaryImageOfPage\":{\"@id\":\"https:\/\/mary-zen.be\/?page_id=270#primaryimage\"},\"image\":{\"@id\":\"https:\/\/mary-zen.be\/?page_id=270#primaryimage\"},\"thumbnailUrl\":\"https:\/\/mary-zen.be\/wp-content\/uploads\/2023\/08\/massage-therapy-1612308_1280-1024x682.jpg\",\"datePublished\":\"2024-03-25T18:30:32+00:00\",\"dateModified\":\"2024-11-25T19:08:21+00:00\",\"breadcrumb\":{\"@id\":\"https:\/\/mary-zen.be\/?page_id=270#breadcrumb\"},\"inLanguage\":\"en-US\",\"potentialAction\":[{\"@type\":\"ReadAction\",\"target\":[\"https:\/\/mary-zen.be\/?page_id=270\"]}]},{\"@type\":\"ImageObject\",\"inLanguage\":\"en-US\",\"@id\":\"https:\/\/mary-zen.be\/?page_id=270#primaryimage\",\"url\":\"https:\/\/mary-zen.be\/wp-content\/uploads\/2023\/08\/massage-therapy-1612308_1280.jpg\",\"contentUrl\":\"https:\/\/mary-zen.be\/wp-content\/uploads\/2023\/08\/massage-therapy-1612308_1280.jpg\",\"width\":1280,\"height\":853},{\"@type\":\"BreadcrumbList\",\"@id\":\"https:\/\/mary-zen.be\/?page_id=270#breadcrumb\",\"itemListElement\":[{\"@type\":\"ListItem\",\"position\":1,\"name\":\"Accueil\",\"item\":\"https:\/\/mary-zen.be\/\"},{\"@type\":\"ListItem\",\"position\":2,\"name\":\"Massage Zen-Attitude\"}]},{\"@type\":\"WebSite\",\"@id\":\"https:\/\/mary-zen.be\/#website\",\"url\":\"https:\/\/mary-zen.be\/\",\"name\":\"Mary-zen.be\",\"description\":\"\",\"potentialAction\":[{\"@type\":\"SearchAction\",\"target\":{\"@type\":\"EntryPoint\",\"urlTemplate\":\"https:\/\/mary-zen.be\/?s={search_term_string}\"},\"query-input\":{\"@type\":\"PropertyValueSpecification\",\"valueRequired\":true,\"valueName\":\"search_term_string\"}}],\"inLanguage\":\"en-US\"}]}<\/script>\n<!-- \/ Yoast SEO plugin. -->","yoast_head_json":{"title":"Massage Zen-Attitude - Mary-zen.be","robots":{"index":"index","follow":"follow","max-snippet":"max-snippet:-1","max-image-preview":"max-image-preview:large","max-video-preview":"max-video-preview:-1"},"canonical":"https:\/\/mary-zen.be\/?page_id=270","og_locale":"en_US","og_type":"article","og_title":"Massage Zen-Attitude - Mary-zen.be","og_description":"J&#8217;ai d\u00e9velopp\u00e9 ce massage lors de mes cours. C&#8217;est un massage d\u00e9tente avec une touche d&#8217;\u00e9nergie.","og_url":"https:\/\/mary-zen.be\/?page_id=270","og_site_name":"Mary-zen.be","article_modified_time":"2024-11-25T19:08:21+00:00","og_image":[{"width":1280,"height":853,"url":"https:\/\/mary-zen.be\/wp-content\/uploads\/2023\/08\/massage-therapy-1612308_1280.jpg","type":"image\/jpeg"}],"twitter_card":"summary_large_image","twitter_misc":{"Est. reading time":"1 minute"},"schema":{"@context":"https:\/\/schema.org","@graph":[{"@type":"WebPage","@id":"https:\/\/mary-zen.be\/?page_id=270","url":"https:\/\/mary-zen.be\/?page_id=270","name":"Massage Zen-Attitude - Mary-zen.be","isPartOf":{"@id":"https:\/\/mary-zen.be\/#website"},"primaryImageOfPage":{"@id":"https:\/\/mary-zen.be\/?page_id=270#primaryimage"},"image":{"@id":"https:\/\/mary-zen.be\/?page_id=270#primaryimage"},"thumbnailUrl":"https:\/\/mary-zen.be\/wp-content\/uploads\/2023\/08\/massage-therapy-1612308_1280-1024x682.jpg","datePublished":"2024-03-25T18:30:32+00:00","dateModified":"2024-11-25T19:08:21+00:00","breadcrumb":{"@id":"https:\/\/mary-zen.be\/?page_id=270#breadcrumb"},"inLanguage":"en-US","potentialAction":[{"@type":"ReadAction","target":["https:\/\/mary-zen.be\/?page_id=270"]}]},{"@type":"ImageObject","inLanguage":"en-US","@id":"https:\/\/mary-zen.be\/?page_id=270#primaryimage","url":"https:\/\/mary-zen.be\/wp-content\/uploads\/2023\/08\/massage-therapy-1612308_1280.jpg","contentUrl":"https:\/\/mary-zen.be\/wp-content\/uploads\/2023\/08\/massage-therapy-1612308_1280.jpg","width":1280,"height":853},{"@type":"BreadcrumbList","@id":"https:\/\/mary-zen.be\/?page_id=270#breadcrumb","itemListElement":[{"@type":"ListItem","position":1,"name":"Accueil","item":"https:\/\/mary-zen.be\/"},{"@type":"ListItem","position":2,"name":"Massage Zen-Attitude"}]},{"@type":"WebSite","@id":"https:\/\/mary-zen.be\/#website","url":"https:\/\/mary-zen.be\/","name":"Mary-zen.be","description":"","potentialAction":[{"@type":"SearchAction","target":{"@type":"EntryPoint","urlTemplate":"https:\/\/mary-zen.be\/?s={search_term_string}"},"query-input":{"@type":"PropertyValueSpecification","valueRequired":true,"valueName":"search_term_string"}}],"inLanguage":"en-US"}]}},"_links":{"self":[{"href":"https:\/\/mary-zen.be\/index.php?rest_route=\/wp\/v2\/pages\/270","targetHints":{"allow":["GET"]}}],"collection":[{"href":"https:\/\/mary-zen.be\/index.php?rest_route=\/wp\/v2\/pages"}],"about":[{"href":"https:\/\/mary-zen.be\/index.php?rest_route=\/wp\/v2\/types\/page"}],"author":[{"embeddable":true,"href":"https:\/\/mary-zen.be\/index.php?rest_route=\/wp\/v2\/users\/1"}],"replies":[{"embeddable":true,"href":"https:\/\/mary-zen.be\/index.php?rest_route=%2Fwp%2Fv2%2Fcomments&post=270"}],"version-history":[{"count":4,"href":"https:\/\/mary-zen.be\/index.php?rest_route=\/wp\/v2\/pages\/270\/revisions"}],"predecessor-version":[{"id":307,"href":"https:\/\/mary-zen.be\/index.php?rest_route=\/wp\/v2\/pages\/270\/revisions\/307"}],"wp:attachment":[{"href":"https:\/\/mary-zen.be\/index.php?rest_route=%2Fwp%2Fv2%2Fmedia&parent=270"}],"curies":[{"name":"wp","href":"https:\/\/api.w.org\/{rel}","templated":true}]}}