{"id":343,"date":"2024-11-29T10:34:55","date_gmt":"2024-11-29T09:34:55","guid":{"rendered":"https:\/\/mary-zen.be\/?page_id=343"},"modified":"2024-12-04T10:31:57","modified_gmt":"2024-12-04T09:31:57","slug":"kinesiologie-cranio-sacree","status":"publish","type":"page","link":"https:\/\/mary-zen.be\/?page_id=343","title":{"rendered":"Kin\u00e9siologie cranio-sacr\u00e9e"},"content":{"rendered":"\n<p>Lib\u00e9rez-vous du stress, retrouvez votre \u00e9quilibre int\u00e9rieur \ud83e\uddd8\ud83c\udffc\u200d\u2640\ufe0f<\/p>\n\n\n\n<p>La kin\u00e9siologie cranio-sacr\u00e9e est une m\u00e9thode douce et holistique qui vous aide \u00e0 vous reconnecter \u00e0 votre corps et \u00e0 lib\u00e9rer les tensions physiques et \u00e9motionnelles.<\/p>\n\n\n\n<p>Reprenez le choix de vos d\u00e9cisions : cette approche non invasive permet \u00e0 votre corps d\u2019activer son potentiel naturel d\u2019auto-gu\u00e9rison et de retrouver l\u2019harmonie entre le corps et l\u2019esprit.<\/p>\n\n\n\n<p><span style=\"text-decoration: underline;\"><strong>Les principes de la kin\u00e9siologie cranio-sacr\u00e9e<\/strong><\/span><\/p>\n\n\n\n<p>Chaque forme de stress, qu\u2019il soit physique ou \u00e9motionnel, impacte le corps et peut cr\u00e9er des blocages dans son fonctionnement naturel. La kin\u00e9siologie cranio-sacr\u00e9e s\u2019appuie sur l\u2019id\u00e9e que ces blocages peuvent \u00eatre identifi\u00e9s et rel\u00e2ch\u00e9s gr\u00e2ce \u00e0 des techniques manuelles l\u00e9g\u00e8res.<\/p>\n\n\n\n<ul class=\"wp-block-list\">\n<li><span style=\"text-decoration: underline;\">Un focus sur le syst\u00e8me cranio-sacr\u00e9<\/span> : le kin\u00e9siologue travaille sur le syst\u00e8me cranio-sacr\u00e9 (cr\u00e2ne, sacrum, et syst\u00e8me nerveux central) pour d\u00e9tecter les zones de tension. Ce syst\u00e8me joue un r\u00f4le cl\u00e9 dans la r\u00e9gulation du corps entier, car il englobe les membranes et le liquide c\u00e9phalorachidien qui entourent le cerveau et la moelle \u00e9pini\u00e8re.<\/li>\n\n\n\n<li><span style=\"text-decoration: underline;\">Les r\u00e9ponses musculaires, un langage du corps<\/span> : pendant une s\u00e9ance, les r\u00e9ponses musculaires de votre corps sont utilis\u00e9es comme outil de communication. Ces r\u00e9ponses permettent au praticien de localiser les zones de blocage et d\u2019intervenir pr\u00e9cis\u00e9ment pour restaurer l\u2019\u00e9quilibre.<\/li>\n\n\n\n<li><span style=\"text-decoration: underline;\">Un objectif clair pour chaque changement<\/span> : toute transformation commence par un objectif et des actions concr\u00e8tes. La kin\u00e9siologie cranio-sacr\u00e9e vous accompagne dans ce processus en alignant votre corps, votre esprit, et votre \u00e9nergie sur vos aspirations personnelles.<\/li>\n<\/ul>\n\n\n<figure style=\"aspect-ratio:3\/2;\" class=\"wp-block-post-featured-image\"><img loading=\"lazy\" decoding=\"async\" width=\"1928\" height=\"2560\" src=\"https:\/\/mary-zen.be\/wp-content\/uploads\/2024\/11\/PXL_20241119_090553133.PORTRAIT-scaled.jpg\" class=\"attachment-post-thumbnail size-post-thumbnail wp-post-image\" alt=\"\" style=\"width:100%;height:100%;object-fit:cover;\" srcset=\"https:\/\/mary-zen.be\/wp-content\/uploads\/2024\/11\/PXL_20241119_090553133.PORTRAIT-scaled.jpg 1928w, https:\/\/mary-zen.be\/wp-content\/uploads\/2024\/11\/PXL_20241119_090553133.PORTRAIT-226x300.jpg 226w, https:\/\/mary-zen.be\/wp-content\/uploads\/2024\/11\/PXL_20241119_090553133.PORTRAIT-771x1024.jpg 771w, https:\/\/mary-zen.be\/wp-content\/uploads\/2024\/11\/PXL_20241119_090553133.PORTRAIT-768x1020.jpg 768w, https:\/\/mary-zen.be\/wp-content\/uploads\/2024\/11\/PXL_20241119_090553133.PORTRAIT-1157x1536.jpg 1157w, https:\/\/mary-zen.be\/wp-content\/uploads\/2024\/11\/PXL_20241119_090553133.PORTRAIT-1542x2048.jpg 1542w\" sizes=\"auto, (max-width: 1928px) 100vw, 1928px\" \/><\/figure>\n\n\n<p><span style=\"text-decoration: underline;\"><strong>Les bienfaits de la kin\u00e9siologie cranio-sacr\u00e9e<\/strong><\/span><\/p>\n\n\n\n<p>Cette m\u00e9thode offre de nombreux bienfaits, tant sur le plan physique qu\u2019\u00e9motionnel.<\/p>\n\n\n\n<ul class=\"wp-block-list\">\n<li>R\u00e9duction du stress et de l\u2019anxi\u00e9t\u00e9 : retrouver un \u00e9tat de calme int\u00e9rieur en lib\u00e9rant les tensions accumul\u00e9es.<\/li>\n\n\n\n<li>Am\u00e9lioration du sommeil : en apaisant le syst\u00e8me nerveux, elle favorise un sommeil r\u00e9parateur.<\/li>\n\n\n\n<li>Soulagement des douleurs chroniques, notamment celles li\u00e9es aux tensions musculaires ou aux troubles posturaux.<\/li>\n\n\n\n<li>Harmonie entre le corps et l\u2019esprit : en lib\u00e9rant les blocages \u00e9nerg\u00e9tiques, elle restaure un \u00e9quilibre global.<\/li>\n\n\n\n<li>Confiance et prise de d\u00e9cision : en reconnectant avec vos ressources internes, vous reprenez le pouvoir sur vos choix de vie.<\/li>\n<\/ul>\n\n\n\n<p><strong><span style=\"text-decoration: underline;\">Pourquoi choisir la kin\u00e9siologie cranio-sacr\u00e9e ?<\/span><\/strong><\/p>\n\n\n\n<p>Si vous ressentez du stress, des douleurs chroniques ou une fatigue \u00e9motionnelle, la kin\u00e9siologie cranio-sacr\u00e9e est une solution naturelle et efficace pour :<\/p>\n\n\n\n<ul class=\"wp-block-list\">\n<li>Vous lib\u00e9rer des effets n\u00e9gatifs du stress<\/li>\n\n\n\n<li>Retrouver un \u00e9quilibre \u00e9nerg\u00e9tique<\/li>\n\n\n\n<li>Avancer avec des objectifs clairs et des actions align\u00e9es sur vos besoins<\/li>\n<\/ul>\n\n\n\n<p>Chaque s\u00e9ance est personnalis\u00e9e, pour vous aider \u00e0 devenir acteur de votre bien-\u00eatre et reprendre le contr\u00f4le sur vos d\u00e9cisions.<\/p>\n\n\n\n<p><strong><span style=\"text-decoration: underline;\">En pratique<\/span><\/strong><\/p>\n\n\n\n<ul class=\"wp-block-list\">\n<li>Lieu des consultations :\n<ul class=\"wp-block-list\">\n<li>Centre d\u2019Ose (rue Alphonse Nicolas 565, 4520 Moha).<\/li>\n\n\n\n<li>Mon domicile \u00e0 Borgloon.<\/li>\n<\/ul>\n<\/li>\n<\/ul>\n\n\n\n<p>Prenez rendez-vous d\u00e8s aujourd\u2019hui pour d\u00e9couvrir les bienfaits de la kin\u00e9siologie cranio-sacr\u00e9e \ud83d\ude0c<\/p>\n\n\n\n<div class=\"wp-block-buttons is-content-justification-center is-layout-flex wp-container-core-buttons-is-layout-16018d1d wp-block-buttons-is-layout-flex\">\n<div class=\"wp-block-button\"><a class=\"wp-block-button__link has-white-color has-text-color has-background has-link-color wp-element-button\" href=\"https:\/\/mary-zen.be\/?page_id=38\" style=\"background-color:#e61f93\">Contactez-moi pour plus d&#8217;informations<\/a><\/div>\n<\/div>\n","protected":false},"excerpt":{"rendered":"<p>Lib\u00e9rez-vous du stress, retrouvez votre \u00e9quilibre int\u00e9rieur \ud83e\uddd8\ud83c\udffc\u200d\u2640\ufe0f La kin\u00e9siologie cranio-sacr\u00e9e est une m\u00e9thode douce et holistique qui vous aide \u00e0 vous reconnecter \u00e0 votre corps et \u00e0 lib\u00e9rer les &hellip; <\/p>\n","protected":false},"author":1,"featured_media":346,"parent":0,"menu_order":0,"comment_status":"closed","ping_status":"closed","template":"","meta":{"footnotes":""},"class_list":["post-343","page","type-page","status-publish","has-post-thumbnail","hentry"],"yoast_head":"<!-- This site is optimized with the Yoast SEO plugin v24.7 - https:\/\/yoast.com\/wordpress\/plugins\/seo\/ -->\n<title>Kin\u00e9siologie cranio-sacr\u00e9e - Mary-zen.be<\/title>\n<meta name=\"robots\" content=\"index, follow, max-snippet:-1, max-image-preview:large, max-video-preview:-1\" \/>\n<link rel=\"canonical\" href=\"https:\/\/mary-zen.be\/?page_id=343\" \/>\n<meta property=\"og:locale\" content=\"en_US\" \/>\n<meta property=\"og:type\" content=\"article\" \/>\n<meta property=\"og:title\" content=\"Kin\u00e9siologie cranio-sacr\u00e9e - Mary-zen.be\" \/>\n<meta property=\"og:description\" content=\"Lib\u00e9rez-vous du stress, retrouvez votre \u00e9quilibre int\u00e9rieur \ud83e\uddd8\ud83c\udffc\u200d\u2640\ufe0f La kin\u00e9siologie cranio-sacr\u00e9e est une m\u00e9thode douce et holistique qui vous aide \u00e0 vous reconnecter \u00e0 votre corps et \u00e0 lib\u00e9rer les &hellip;\" \/>\n<meta property=\"og:url\" content=\"https:\/\/mary-zen.be\/?page_id=343\" \/>\n<meta property=\"og:site_name\" content=\"Mary-zen.be\" \/>\n<meta property=\"article:modified_time\" content=\"2024-12-04T09:31:57+00:00\" \/>\n<meta property=\"og:image\" content=\"https:\/\/mary-zen.be\/wp-content\/uploads\/2024\/11\/PXL_20241119_090553133.PORTRAIT-scaled.jpg\" \/>\n\t<meta property=\"og:image:width\" content=\"1928\" \/>\n\t<meta property=\"og:image:height\" content=\"2560\" \/>\n\t<meta property=\"og:image:type\" content=\"image\/jpeg\" \/>\n<meta name=\"twitter:card\" content=\"summary_large_image\" \/>\n<meta name=\"twitter:label1\" content=\"Est. reading time\" \/>\n\t<meta name=\"twitter:data1\" content=\"3 minutes\" \/>\n<script type=\"application\/ld+json\" class=\"yoast-schema-graph\">{\"@context\":\"https:\/\/schema.org\",\"@graph\":[{\"@type\":\"WebPage\",\"@id\":\"https:\/\/mary-zen.be\/?page_id=343\",\"url\":\"https:\/\/mary-zen.be\/?page_id=343\",\"name\":\"Kin\u00e9siologie cranio-sacr\u00e9e - Mary-zen.be\",\"isPartOf\":{\"@id\":\"https:\/\/mary-zen.be\/#website\"},\"primaryImageOfPage\":{\"@id\":\"https:\/\/mary-zen.be\/?page_id=343#primaryimage\"},\"image\":{\"@id\":\"https:\/\/mary-zen.be\/?page_id=343#primaryimage\"},\"thumbnailUrl\":\"https:\/\/mary-zen.be\/wp-content\/uploads\/2024\/11\/PXL_20241119_090553133.PORTRAIT-scaled.jpg\",\"datePublished\":\"2024-11-29T09:34:55+00:00\",\"dateModified\":\"2024-12-04T09:31:57+00:00\",\"breadcrumb\":{\"@id\":\"https:\/\/mary-zen.be\/?page_id=343#breadcrumb\"},\"inLanguage\":\"en-US\",\"potentialAction\":[{\"@type\":\"ReadAction\",\"target\":[\"https:\/\/mary-zen.be\/?page_id=343\"]}]},{\"@type\":\"ImageObject\",\"inLanguage\":\"en-US\",\"@id\":\"https:\/\/mary-zen.be\/?page_id=343#primaryimage\",\"url\":\"https:\/\/mary-zen.be\/wp-content\/uploads\/2024\/11\/PXL_20241119_090553133.PORTRAIT-scaled.jpg\",\"contentUrl\":\"https:\/\/mary-zen.be\/wp-content\/uploads\/2024\/11\/PXL_20241119_090553133.PORTRAIT-scaled.jpg\",\"width\":1928,\"height\":2560},{\"@type\":\"BreadcrumbList\",\"@id\":\"https:\/\/mary-zen.be\/?page_id=343#breadcrumb\",\"itemListElement\":[{\"@type\":\"ListItem\",\"position\":1,\"name\":\"Accueil\",\"item\":\"https:\/\/mary-zen.be\/\"},{\"@type\":\"ListItem\",\"position\":2,\"name\":\"Kin\u00e9siologie cranio-sacr\u00e9e\"}]},{\"@type\":\"WebSite\",\"@id\":\"https:\/\/mary-zen.be\/#website\",\"url\":\"https:\/\/mary-zen.be\/\",\"name\":\"Mary-zen.be\",\"description\":\"\",\"potentialAction\":[{\"@type\":\"SearchAction\",\"target\":{\"@type\":\"EntryPoint\",\"urlTemplate\":\"https:\/\/mary-zen.be\/?s={search_term_string}\"},\"query-input\":{\"@type\":\"PropertyValueSpecification\",\"valueRequired\":true,\"valueName\":\"search_term_string\"}}],\"inLanguage\":\"en-US\"}]}<\/script>\n<!-- \/ Yoast SEO plugin. -->","yoast_head_json":{"title":"Kin\u00e9siologie cranio-sacr\u00e9e - Mary-zen.be","robots":{"index":"index","follow":"follow","max-snippet":"max-snippet:-1","max-image-preview":"max-image-preview:large","max-video-preview":"max-video-preview:-1"},"canonical":"https:\/\/mary-zen.be\/?page_id=343","og_locale":"en_US","og_type":"article","og_title":"Kin\u00e9siologie cranio-sacr\u00e9e - Mary-zen.be","og_description":"Lib\u00e9rez-vous du stress, retrouvez votre \u00e9quilibre int\u00e9rieur \ud83e\uddd8\ud83c\udffc\u200d\u2640\ufe0f La kin\u00e9siologie cranio-sacr\u00e9e est une m\u00e9thode douce et holistique qui vous aide \u00e0 vous reconnecter \u00e0 votre corps et \u00e0 lib\u00e9rer les &hellip;","og_url":"https:\/\/mary-zen.be\/?page_id=343","og_site_name":"Mary-zen.be","article_modified_time":"2024-12-04T09:31:57+00:00","og_image":[{"width":1928,"height":2560,"url":"https:\/\/mary-zen.be\/wp-content\/uploads\/2024\/11\/PXL_20241119_090553133.PORTRAIT-scaled.jpg","type":"image\/jpeg"}],"twitter_card":"summary_large_image","twitter_misc":{"Est. reading time":"3 minutes"},"schema":{"@context":"https:\/\/schema.org","@graph":[{"@type":"WebPage","@id":"https:\/\/mary-zen.be\/?page_id=343","url":"https:\/\/mary-zen.be\/?page_id=343","name":"Kin\u00e9siologie cranio-sacr\u00e9e - Mary-zen.be","isPartOf":{"@id":"https:\/\/mary-zen.be\/#website"},"primaryImageOfPage":{"@id":"https:\/\/mary-zen.be\/?page_id=343#primaryimage"},"image":{"@id":"https:\/\/mary-zen.be\/?page_id=343#primaryimage"},"thumbnailUrl":"https:\/\/mary-zen.be\/wp-content\/uploads\/2024\/11\/PXL_20241119_090553133.PORTRAIT-scaled.jpg","datePublished":"2024-11-29T09:34:55+00:00","dateModified":"2024-12-04T09:31:57+00:00","breadcrumb":{"@id":"https:\/\/mary-zen.be\/?page_id=343#breadcrumb"},"inLanguage":"en-US","potentialAction":[{"@type":"ReadAction","target":["https:\/\/mary-zen.be\/?page_id=343"]}]},{"@type":"ImageObject","inLanguage":"en-US","@id":"https:\/\/mary-zen.be\/?page_id=343#primaryimage","url":"https:\/\/mary-zen.be\/wp-content\/uploads\/2024\/11\/PXL_20241119_090553133.PORTRAIT-scaled.jpg","contentUrl":"https:\/\/mary-zen.be\/wp-content\/uploads\/2024\/11\/PXL_20241119_090553133.PORTRAIT-scaled.jpg","width":1928,"height":2560},{"@type":"BreadcrumbList","@id":"https:\/\/mary-zen.be\/?page_id=343#breadcrumb","itemListElement":[{"@type":"ListItem","position":1,"name":"Accueil","item":"https:\/\/mary-zen.be\/"},{"@type":"ListItem","position":2,"name":"Kin\u00e9siologie cranio-sacr\u00e9e"}]},{"@type":"WebSite","@id":"https:\/\/mary-zen.be\/#website","url":"https:\/\/mary-zen.be\/","name":"Mary-zen.be","description":"","potentialAction":[{"@type":"SearchAction","target":{"@type":"EntryPoint","urlTemplate":"https:\/\/mary-zen.be\/?s={search_term_string}"},"query-input":{"@type":"PropertyValueSpecification","valueRequired":true,"valueName":"search_term_string"}}],"inLanguage":"en-US"}]}},"_links":{"self":[{"href":"https:\/\/mary-zen.be\/index.php?rest_route=\/wp\/v2\/pages\/343","targetHints":{"allow":["GET"]}}],"collection":[{"href":"https:\/\/mary-zen.be\/index.php?rest_route=\/wp\/v2\/pages"}],"about":[{"href":"https:\/\/mary-zen.be\/index.php?rest_route=\/wp\/v2\/types\/page"}],"author":[{"embeddable":true,"href":"https:\/\/mary-zen.be\/index.php?rest_route=\/wp\/v2\/users\/1"}],"replies":[{"embeddable":true,"href":"https:\/\/mary-zen.be\/index.php?rest_route=%2Fwp%2Fv2%2Fcomments&post=343"}],"version-history":[{"count":2,"href":"https:\/\/mary-zen.be\/index.php?rest_route=\/wp\/v2\/pages\/343\/revisions"}],"predecessor-version":[{"id":352,"href":"https:\/\/mary-zen.be\/index.php?rest_route=\/wp\/v2\/pages\/343\/revisions\/352"}],"wp:featuredmedia":[{"embeddable":true,"href":"https:\/\/mary-zen.be\/index.php?rest_route=\/wp\/v2\/media\/346"}],"wp:attachment":[{"href":"https:\/\/mary-zen.be\/index.php?rest_route=%2Fwp%2Fv2%2Fmedia&parent=343"}],"curies":[{"name":"wp","href":"https:\/\/api.w.org\/{rel}","templated":true}]}}