{"id":64,"date":"2023-08-04T15:21:57","date_gmt":"2023-08-04T13:21:57","guid":{"rendered":"https:\/\/mary-zen.be\/?page_id=64"},"modified":"2024-11-29T11:13:58","modified_gmt":"2024-11-29T10:13:58","slug":"mary-zen","status":"publish","type":"page","link":"https:\/\/mary-zen.be\/","title":{"rendered":"Reprenez le pouvoir sur votre bien-\u00eatre"},"content":{"rendered":"\n<p>Le bien-\u00eatre, c\u2019est \u00eatre en harmonie avec soi-m\u00eame, dans son corps et dans son esprit \ud83c\udf3f<\/p>\n\n\n\n<p>Je vous accompagne sur ce chemin pour vous lib\u00e9rer du stress, apaiser vos douleurs et retrouver votre \u00e9quilibre. Reprenez le pouvoir de vos d\u00e9cisions, de vos choix et offrez-vous un moment pour vous.<\/p>\n\n\n\n<p><strong>Mes techniques d\u2019accompagnement bien-\u00eatre :<\/strong><\/p>\n\n\n\n<ul class=\"wp-block-list\">\n<li><a href=\"https:\/\/mary-zen.be\/?page_id=93\"><span style=\"text-decoration: underline;\">Massage des 5 continents<\/span> <\/a>: une fusion unique d\u2019huiles essentielles, de techniques de massage et d\u2019\u00e9nergie pour un nettoyage physique et \u00e9motionnel profond.<\/li>\n\n\n\n<li><span style=\"text-decoration: underline;\"><a href=\"https:\/\/mary-zen.be\/?page_id=101\">Massage contre la douleur<\/a><\/span> : soulagez les tensions et apaisez les douleurs chroniques gr\u00e2ce \u00e0 des gestes cibl\u00e9s.<\/li>\n\n\n\n<li><a href=\"https:\/\/mary-zen.be\/?page_id=270\"><span style=\"text-decoration: underline;\">Massage Zen-Attitude<\/span> <\/a>: d\u00e9tendez votre esprit et votre corps pour un moment de relaxation absolue.<\/li>\n\n\n\n<li><span style=\"text-decoration: underline;\"><a href=\"https:\/\/mary-zen.be\/?page_id=257\">Hypnose th\u00e9rapeutique<\/a><\/span> : lib\u00e9rez-vous des d\u00e9pendances, du stress ou des blocages \u00e9motionnels gr\u00e2ce \u00e0 une approche douce et efficace.<\/li>\n\n\n\n<li><a href=\"https:\/\/mary-zen.be\/?page_id=343\">Kin\u00e9siologie cranio-sacr\u00e9e<\/a> : r\u00e9\u00e9quilibrez votre \u00e9nergie et harmonisez votre corps \u00e0 travers des techniques manuelles subtiles.<\/li>\n<\/ul>\n\n\n\n<div class=\"wp-block-columns is-layout-flex wp-container-core-columns-is-layout-9d6595d7 wp-block-columns-is-layout-flex\">\n<div class=\"wp-block-column is-layout-flow wp-block-column-is-layout-flow\" style=\"flex-basis:25%\"><\/div>\n\n\n\n<div class=\"wp-block-column is-layout-flow wp-block-column-is-layout-flow\" style=\"flex-basis:75%\">\n<p><span style=\"text-decoration: underline;\">O\u00f9 puis-je vous accompagner ?<\/span><\/p>\n\n\n\n<ul class=\"wp-block-list\">\n<li><a href=\"https:\/\/centredose.be\/\">Centre d\u2019Ose<\/a> (rue Alphonse Nicolas 565, 4520 Moha)<\/li>\n\n\n\n<li>Mon domicile \u00e0 Borgloon<\/li>\n\n\n\n<li>\u00c0 domicile : je peux \u00e9galement me d\u00e9placer chez vous pour vous offrir un moment de bien-\u00eatre adapt\u00e9 \u00e0 vos besoins.<\/li>\n<\/ul>\n<\/div>\n<\/div>\n\n\n\n<p>Prenez rendez-vous d\u00e8s aujourd&#8217;hui et commencez votre chemin vers une vie plus sereine et \u00e9quilibr\u00e9e !<\/p>\n\n\n\n<div class=\"wp-block-buttons is-content-justification-center is-layout-flex wp-container-core-buttons-is-layout-16018d1d wp-block-buttons-is-layout-flex\">\n<div class=\"wp-block-button is-style-fill\"><a class=\"wp-block-button__link has-white-color has-text-color has-background has-link-color wp-element-button\" href=\"https:\/\/mary-zen.be\/?page_id=38\" style=\"background-color:#e61f93\">Contactez-moi pour plus d&#8217;informations<\/a><\/div>\n<\/div>\n\n\n\n<p><\/p>\n","protected":false},"excerpt":{"rendered":"<p>Le bien-\u00eatre, c\u2019est \u00eatre en harmonie avec soi-m\u00eame, dans son corps et dans son esprit \ud83c\udf3f Je vous accompagne sur ce chemin pour vous lib\u00e9rer du stress, apaiser vos douleurs &hellip; <\/p>\n","protected":false},"author":1,"featured_media":0,"parent":0,"menu_order":0,"comment_status":"closed","ping_status":"closed","template":"","meta":{"footnotes":""},"class_list":["post-64","page","type-page","status-publish","hentry"],"yoast_head":"<!-- This site is optimized with the Yoast SEO plugin v24.7 - https:\/\/yoast.com\/wordpress\/plugins\/seo\/ -->\n<title>Reprenez le pouvoir sur votre bien-\u00eatre - Mary-zen.be<\/title>\n<meta name=\"description\" content=\"Retrouver l\u2019\u00e9quilibre avec Mary-Zen \ud83c\udf3f Massages, hypnose et kin\u00e9siologie pour apaiser stress et douleurs, \u00e0 Moha, Borgloon ou \u00e0 domicile.\" \/>\n<meta name=\"robots\" content=\"index, follow, max-snippet:-1, max-image-preview:large, max-video-preview:-1\" \/>\n<link rel=\"canonical\" href=\"https:\/\/mary-zen.be\/\" \/>\n<meta property=\"og:locale\" content=\"en_US\" \/>\n<meta property=\"og:type\" content=\"article\" \/>\n<meta property=\"og:title\" content=\"Reprenez le pouvoir sur votre bien-\u00eatre - Mary-zen.be\" \/>\n<meta property=\"og:description\" content=\"Retrouver l\u2019\u00e9quilibre avec Mary-Zen \ud83c\udf3f Massages, hypnose et kin\u00e9siologie pour apaiser stress et douleurs, \u00e0 Moha, Borgloon ou \u00e0 domicile.\" \/>\n<meta property=\"og:url\" content=\"https:\/\/mary-zen.be\/\" \/>\n<meta property=\"og:site_name\" content=\"Mary-zen.be\" \/>\n<meta property=\"article:modified_time\" content=\"2024-11-29T10:13:58+00:00\" \/>\n<meta name=\"twitter:card\" content=\"summary_large_image\" \/>\n<meta name=\"twitter:label1\" content=\"Est. reading time\" \/>\n\t<meta name=\"twitter:data1\" content=\"1 minute\" \/>\n<script type=\"application\/ld+json\" class=\"yoast-schema-graph\">{\"@context\":\"https:\/\/schema.org\",\"@graph\":[{\"@type\":\"WebPage\",\"@id\":\"https:\/\/mary-zen.be\/\",\"url\":\"https:\/\/mary-zen.be\/\",\"name\":\"Reprenez le pouvoir sur votre bien-\u00eatre - Mary-zen.be\",\"isPartOf\":{\"@id\":\"https:\/\/mary-zen.be\/#website\"},\"datePublished\":\"2023-08-04T13:21:57+00:00\",\"dateModified\":\"2024-11-29T10:13:58+00:00\",\"description\":\"Retrouver l\u2019\u00e9quilibre avec Mary-Zen \ud83c\udf3f Massages, hypnose et kin\u00e9siologie pour apaiser stress et douleurs, \u00e0 Moha, Borgloon ou \u00e0 domicile.\",\"breadcrumb\":{\"@id\":\"https:\/\/mary-zen.be\/#breadcrumb\"},\"inLanguage\":\"en-US\",\"potentialAction\":[{\"@type\":\"ReadAction\",\"target\":[\"https:\/\/mary-zen.be\/\"]}]},{\"@type\":\"BreadcrumbList\",\"@id\":\"https:\/\/mary-zen.be\/#breadcrumb\",\"itemListElement\":[{\"@type\":\"ListItem\",\"position\":1,\"name\":\"Accueil\",\"item\":\"https:\/\/mary-zen.be\/\"},{\"@type\":\"ListItem\",\"position\":2,\"name\":\"Reprenez le pouvoir sur votre bien-\u00eatre\"}]},{\"@type\":\"WebSite\",\"@id\":\"https:\/\/mary-zen.be\/#website\",\"url\":\"https:\/\/mary-zen.be\/\",\"name\":\"Mary-zen.be\",\"description\":\"\",\"potentialAction\":[{\"@type\":\"SearchAction\",\"target\":{\"@type\":\"EntryPoint\",\"urlTemplate\":\"https:\/\/mary-zen.be\/?s={search_term_string}\"},\"query-input\":{\"@type\":\"PropertyValueSpecification\",\"valueRequired\":true,\"valueName\":\"search_term_string\"}}],\"inLanguage\":\"en-US\"}]}<\/script>\n<!-- \/ Yoast SEO plugin. -->","yoast_head_json":{"title":"Reprenez le pouvoir sur votre bien-\u00eatre - Mary-zen.be","description":"Retrouver l\u2019\u00e9quilibre avec Mary-Zen \ud83c\udf3f Massages, hypnose et kin\u00e9siologie pour apaiser stress et douleurs, \u00e0 Moha, Borgloon ou \u00e0 domicile.","robots":{"index":"index","follow":"follow","max-snippet":"max-snippet:-1","max-image-preview":"max-image-preview:large","max-video-preview":"max-video-preview:-1"},"canonical":"https:\/\/mary-zen.be\/","og_locale":"en_US","og_type":"article","og_title":"Reprenez le pouvoir sur votre bien-\u00eatre - Mary-zen.be","og_description":"Retrouver l\u2019\u00e9quilibre avec Mary-Zen \ud83c\udf3f Massages, hypnose et kin\u00e9siologie pour apaiser stress et douleurs, \u00e0 Moha, Borgloon ou \u00e0 domicile.","og_url":"https:\/\/mary-zen.be\/","og_site_name":"Mary-zen.be","article_modified_time":"2024-11-29T10:13:58+00:00","twitter_card":"summary_large_image","twitter_misc":{"Est. reading time":"1 minute"},"schema":{"@context":"https:\/\/schema.org","@graph":[{"@type":"WebPage","@id":"https:\/\/mary-zen.be\/","url":"https:\/\/mary-zen.be\/","name":"Reprenez le pouvoir sur votre bien-\u00eatre - Mary-zen.be","isPartOf":{"@id":"https:\/\/mary-zen.be\/#website"},"datePublished":"2023-08-04T13:21:57+00:00","dateModified":"2024-11-29T10:13:58+00:00","description":"Retrouver l\u2019\u00e9quilibre avec Mary-Zen \ud83c\udf3f Massages, hypnose et kin\u00e9siologie pour apaiser stress et douleurs, \u00e0 Moha, Borgloon ou \u00e0 domicile.","breadcrumb":{"@id":"https:\/\/mary-zen.be\/#breadcrumb"},"inLanguage":"en-US","potentialAction":[{"@type":"ReadAction","target":["https:\/\/mary-zen.be\/"]}]},{"@type":"BreadcrumbList","@id":"https:\/\/mary-zen.be\/#breadcrumb","itemListElement":[{"@type":"ListItem","position":1,"name":"Accueil","item":"https:\/\/mary-zen.be\/"},{"@type":"ListItem","position":2,"name":"Reprenez le pouvoir sur votre bien-\u00eatre"}]},{"@type":"WebSite","@id":"https:\/\/mary-zen.be\/#website","url":"https:\/\/mary-zen.be\/","name":"Mary-zen.be","description":"","potentialAction":[{"@type":"SearchAction","target":{"@type":"EntryPoint","urlTemplate":"https:\/\/mary-zen.be\/?s={search_term_string}"},"query-input":{"@type":"PropertyValueSpecification","valueRequired":true,"valueName":"search_term_string"}}],"inLanguage":"en-US"}]}},"_links":{"self":[{"href":"https:\/\/mary-zen.be\/index.php?rest_route=\/wp\/v2\/pages\/64","targetHints":{"allow":["GET"]}}],"collection":[{"href":"https:\/\/mary-zen.be\/index.php?rest_route=\/wp\/v2\/pages"}],"about":[{"href":"https:\/\/mary-zen.be\/index.php?rest_route=\/wp\/v2\/types\/page"}],"author":[{"embeddable":true,"href":"https:\/\/mary-zen.be\/index.php?rest_route=\/wp\/v2\/users\/1"}],"replies":[{"embeddable":true,"href":"https:\/\/mary-zen.be\/index.php?rest_route=%2Fwp%2Fv2%2Fcomments&post=64"}],"version-history":[{"count":10,"href":"https:\/\/mary-zen.be\/index.php?rest_route=\/wp\/v2\/pages\/64\/revisions"}],"predecessor-version":[{"id":349,"href":"https:\/\/mary-zen.be\/index.php?rest_route=\/wp\/v2\/pages\/64\/revisions\/349"}],"wp:attachment":[{"href":"https:\/\/mary-zen.be\/index.php?rest_route=%2Fwp%2Fv2%2Fmedia&parent=64"}],"curies":[{"name":"wp","href":"https:\/\/api.w.org\/{rel}","templated":true}]}}