{"id":93,"date":"2023-08-05T18:56:41","date_gmt":"2023-08-05T16:56:41","guid":{"rendered":"https:\/\/mary-zen.be\/?page_id=93"},"modified":"2024-11-25T20:06:56","modified_gmt":"2024-11-25T19:06:56","slug":"massages","status":"publish","type":"page","link":"https:\/\/mary-zen.be\/?page_id=93","title":{"rendered":"Massage des 5 continents"},"content":{"rendered":"\n<p><\/p>\n\n\n\n<div class=\"wp-block-columns is-layout-flex wp-container-core-columns-is-layout-9d6595d7 wp-block-columns-is-layout-flex\">\n<div class=\"wp-block-column is-layout-flow wp-block-column-is-layout-flow\" style=\"flex-basis:50%\"><div class=\"wp-block-image\">\n<figure class=\"aligncenter size-full is-resized\"><img loading=\"lazy\" decoding=\"async\" width=\"500\" height=\"495\" src=\"https:\/\/mary-zen.be\/wp-content\/uploads\/2023\/08\/Fede-m5c-png.png\" alt=\"\" class=\"wp-image-98\" style=\"width:195px;height:auto\" srcset=\"https:\/\/mary-zen.be\/wp-content\/uploads\/2023\/08\/Fede-m5c-png.png 500w, https:\/\/mary-zen.be\/wp-content\/uploads\/2023\/08\/Fede-m5c-png-300x297.png 300w, https:\/\/mary-zen.be\/wp-content\/uploads\/2023\/08\/Fede-m5c-png-150x150.png 150w, https:\/\/mary-zen.be\/wp-content\/uploads\/2023\/08\/Fede-m5c-png-61x60.png 61w\" sizes=\"auto, (max-width: 500px) 100vw, 500px\" \/><\/figure>\n<\/div><\/div>\n\n\n\n<div class=\"wp-block-column is-vertically-aligned-bottom is-layout-flow wp-block-column-is-layout-flow\" style=\"flex-basis:33%\">\n<ul class=\"wp-block-list\">\n<li><strong>Dur\u00e9e<\/strong> : 75 minutes<\/li>\n\n\n\n<li><strong>Prix<\/strong>: \u20ac90<\/li>\n<\/ul>\n<\/div>\n<\/div>\n\n\n\n<p>Traitement associant l\u2019\u00e9nergie du Reiki et \/ ou du magn\u00e9tisme r\u00e9unissant diff\u00e9rents types de massages de cultures et d\u2019origines vari\u00e9es. (lomi lomi, californien, su\u00e9dois, tuina, acupressure, ayurv\u00e9dique.)<\/p>\n\n\n\n<p>Des pr\u00e9parations d\u2019Huiles essentielles sp\u00e9cifiques sur les diff\u00e9rentes phases sont appliqu\u00e9es, la premi\u00e8re en d\u00e9sintoxication, la deuxi\u00e8me en relaxation, l\u00e2cher-prise et la derni\u00e8re en revitalisation, reconnexion et stimulation du syst\u00e8me immunitaire.<\/p>\n\n\n\n<p>M\u00e9thode th\u00e9rapeutique de magn\u00e9tisme et de Reiki associ\u00e9e \u00e0 un massage de tout le corps tr\u00e8s puissant, lent et profond, qui permet de faire circuler l\u2019\u00e9nergie vitale directement \u00e0 l\u2019int\u00e9rieur du corps de la personne.<\/p>\n\n\n\n<p><\/p>\n\n\n\n<p>C\u2019est un proc\u00e9d\u00e9 de massage reli\u00e9 \u00e0 l\u2019\u00e9nergie de gu\u00e9rison interne de la personne et de l\u2019\u00e9nergie universelle par lequel on fait remonter tout doucement le long du corps et de la colonne vert\u00e9brale la force vitale (kundalini) afin de lib\u00e9rer une grande quantit\u00e9 de cette puissance dans le c\u0153ur. Ce proc\u00e9d\u00e9 de massage biodynamique r\u00e9veille les processus naturels d\u2019auto gu\u00e9rison en d\u00e9chargeant les m\u00e9moires \u00e9motionnelles encombrantes ainsi que les toxines.<\/p>\n\n\n\n<p>Tel une psychoth\u00e9rapie pour le corps, il permet de laisser se d\u00e9rouler tout un d\u00e9veloppement r\u00e9parateur et initiateur, ouvrant la m\u00e9moire du corps, nettoyant peu \u00e0 peu les anciens traumas et laissant l\u2019\u00e9nergie de plaisir et de vie (libido) circuler librement.<\/p>\n\n\n\n<p>Cette m\u00e9thode de soin apporte un l\u00e2cher prise physique et mental de mani\u00e8re impressionnante.<\/p>\n\n\n\n<p>Il permet petit \u00e0 petit de redonner grande confiance et une nouvelle vitalit\u00e9, de retrouver l\u2019estime de soi, un grand sentiment de paix, joie de vivre et surtout d\u2019harmoniser les charges \u00e9motionnelles bloquant notre \u00e9nergie.<\/p>\n\n\n\n<p>Les pr\u00e9parations avec des plantes sacr\u00e9es utilis\u00e9es en ayurv\u00e9diques, huiles essentielles et diff\u00e9rentes huiles v\u00e9g\u00e9tales dans ce soin sont r\u00e9parties proportionnellement selon les crit\u00e8res des phases. (Liste non exhaustive des H.E utilis\u00e9es ces pr\u00e9parations) Arbres \u00e0 Th\u00e9, citron, Eucalyptus, Lavande, Cypr\u00e8s, Ravensare, Niaouli, Sarriette, Ylang-ylang, Vetiver, Romarin, menthe poivr\u00e9e, mandarine, G\u00e9ranium et Gingembre.<\/p>\n","protected":false},"excerpt":{"rendered":"<p>Traitement associant l\u2019\u00e9nergie du Reiki et \/ ou du magn\u00e9tisme r\u00e9unissant diff\u00e9rents types de massages de cultures et d\u2019origines vari\u00e9es. (lomi lomi, californien, su\u00e9dois, tuina, acupressure, ayurv\u00e9dique.) Des pr\u00e9parations d\u2019Huiles &hellip; <\/p>\n","protected":false},"author":1,"featured_media":0,"parent":0,"menu_order":0,"comment_status":"closed","ping_status":"closed","template":"","meta":{"footnotes":""},"class_list":["post-93","page","type-page","status-publish","hentry"],"yoast_head":"<!-- This site is optimized with the Yoast SEO plugin v24.7 - https:\/\/yoast.com\/wordpress\/plugins\/seo\/ -->\n<title>Massage des 5 continents - Mary-zen.be<\/title>\n<meta name=\"robots\" content=\"index, follow, max-snippet:-1, max-image-preview:large, max-video-preview:-1\" \/>\n<link rel=\"canonical\" href=\"https:\/\/mary-zen.be\/?page_id=93\" \/>\n<meta property=\"og:locale\" content=\"en_US\" \/>\n<meta property=\"og:type\" content=\"article\" \/>\n<meta property=\"og:title\" content=\"Massage des 5 continents - Mary-zen.be\" \/>\n<meta property=\"og:description\" content=\"Traitement associant l\u2019\u00e9nergie du Reiki et \/ ou du magn\u00e9tisme r\u00e9unissant diff\u00e9rents types de massages de cultures et d\u2019origines vari\u00e9es. (lomi lomi, californien, su\u00e9dois, tuina, acupressure, ayurv\u00e9dique.) Des pr\u00e9parations d\u2019Huiles &hellip;\" \/>\n<meta property=\"og:url\" content=\"https:\/\/mary-zen.be\/?page_id=93\" \/>\n<meta property=\"og:site_name\" content=\"Mary-zen.be\" \/>\n<meta property=\"article:modified_time\" content=\"2024-11-25T19:06:56+00:00\" \/>\n<meta property=\"og:image\" content=\"https:\/\/mary-zen.be\/wp-content\/uploads\/2023\/08\/Fede-m5c-png.png\" \/>\n\t<meta property=\"og:image:width\" content=\"500\" \/>\n\t<meta property=\"og:image:height\" content=\"495\" \/>\n\t<meta property=\"og:image:type\" content=\"image\/png\" \/>\n<meta name=\"twitter:card\" content=\"summary_large_image\" \/>\n<meta name=\"twitter:label1\" content=\"Est. reading time\" \/>\n\t<meta name=\"twitter:data1\" content=\"2 minutes\" \/>\n<script type=\"application\/ld+json\" class=\"yoast-schema-graph\">{\"@context\":\"https:\/\/schema.org\",\"@graph\":[{\"@type\":\"WebPage\",\"@id\":\"https:\/\/mary-zen.be\/?page_id=93\",\"url\":\"https:\/\/mary-zen.be\/?page_id=93\",\"name\":\"Massage des 5 continents - Mary-zen.be\",\"isPartOf\":{\"@id\":\"https:\/\/mary-zen.be\/#website\"},\"primaryImageOfPage\":{\"@id\":\"https:\/\/mary-zen.be\/?page_id=93#primaryimage\"},\"image\":{\"@id\":\"https:\/\/mary-zen.be\/?page_id=93#primaryimage\"},\"thumbnailUrl\":\"https:\/\/mary-zen.be\/wp-content\/uploads\/2023\/08\/Fede-m5c-png.png\",\"datePublished\":\"2023-08-05T16:56:41+00:00\",\"dateModified\":\"2024-11-25T19:06:56+00:00\",\"breadcrumb\":{\"@id\":\"https:\/\/mary-zen.be\/?page_id=93#breadcrumb\"},\"inLanguage\":\"en-US\",\"potentialAction\":[{\"@type\":\"ReadAction\",\"target\":[\"https:\/\/mary-zen.be\/?page_id=93\"]}]},{\"@type\":\"ImageObject\",\"inLanguage\":\"en-US\",\"@id\":\"https:\/\/mary-zen.be\/?page_id=93#primaryimage\",\"url\":\"https:\/\/mary-zen.be\/wp-content\/uploads\/2023\/08\/Fede-m5c-png.png\",\"contentUrl\":\"https:\/\/mary-zen.be\/wp-content\/uploads\/2023\/08\/Fede-m5c-png.png\",\"width\":500,\"height\":495},{\"@type\":\"BreadcrumbList\",\"@id\":\"https:\/\/mary-zen.be\/?page_id=93#breadcrumb\",\"itemListElement\":[{\"@type\":\"ListItem\",\"position\":1,\"name\":\"Accueil\",\"item\":\"https:\/\/mary-zen.be\/\"},{\"@type\":\"ListItem\",\"position\":2,\"name\":\"Massage des 5 continents\"}]},{\"@type\":\"WebSite\",\"@id\":\"https:\/\/mary-zen.be\/#website\",\"url\":\"https:\/\/mary-zen.be\/\",\"name\":\"Mary-zen.be\",\"description\":\"\",\"potentialAction\":[{\"@type\":\"SearchAction\",\"target\":{\"@type\":\"EntryPoint\",\"urlTemplate\":\"https:\/\/mary-zen.be\/?s={search_term_string}\"},\"query-input\":{\"@type\":\"PropertyValueSpecification\",\"valueRequired\":true,\"valueName\":\"search_term_string\"}}],\"inLanguage\":\"en-US\"}]}<\/script>\n<!-- \/ Yoast SEO plugin. -->","yoast_head_json":{"title":"Massage des 5 continents - Mary-zen.be","robots":{"index":"index","follow":"follow","max-snippet":"max-snippet:-1","max-image-preview":"max-image-preview:large","max-video-preview":"max-video-preview:-1"},"canonical":"https:\/\/mary-zen.be\/?page_id=93","og_locale":"en_US","og_type":"article","og_title":"Massage des 5 continents - Mary-zen.be","og_description":"Traitement associant l\u2019\u00e9nergie du Reiki et \/ ou du magn\u00e9tisme r\u00e9unissant diff\u00e9rents types de massages de cultures et d\u2019origines vari\u00e9es. (lomi lomi, californien, su\u00e9dois, tuina, acupressure, ayurv\u00e9dique.) Des pr\u00e9parations d\u2019Huiles &hellip;","og_url":"https:\/\/mary-zen.be\/?page_id=93","og_site_name":"Mary-zen.be","article_modified_time":"2024-11-25T19:06:56+00:00","og_image":[{"width":500,"height":495,"url":"https:\/\/mary-zen.be\/wp-content\/uploads\/2023\/08\/Fede-m5c-png.png","type":"image\/png"}],"twitter_card":"summary_large_image","twitter_misc":{"Est. reading time":"2 minutes"},"schema":{"@context":"https:\/\/schema.org","@graph":[{"@type":"WebPage","@id":"https:\/\/mary-zen.be\/?page_id=93","url":"https:\/\/mary-zen.be\/?page_id=93","name":"Massage des 5 continents - Mary-zen.be","isPartOf":{"@id":"https:\/\/mary-zen.be\/#website"},"primaryImageOfPage":{"@id":"https:\/\/mary-zen.be\/?page_id=93#primaryimage"},"image":{"@id":"https:\/\/mary-zen.be\/?page_id=93#primaryimage"},"thumbnailUrl":"https:\/\/mary-zen.be\/wp-content\/uploads\/2023\/08\/Fede-m5c-png.png","datePublished":"2023-08-05T16:56:41+00:00","dateModified":"2024-11-25T19:06:56+00:00","breadcrumb":{"@id":"https:\/\/mary-zen.be\/?page_id=93#breadcrumb"},"inLanguage":"en-US","potentialAction":[{"@type":"ReadAction","target":["https:\/\/mary-zen.be\/?page_id=93"]}]},{"@type":"ImageObject","inLanguage":"en-US","@id":"https:\/\/mary-zen.be\/?page_id=93#primaryimage","url":"https:\/\/mary-zen.be\/wp-content\/uploads\/2023\/08\/Fede-m5c-png.png","contentUrl":"https:\/\/mary-zen.be\/wp-content\/uploads\/2023\/08\/Fede-m5c-png.png","width":500,"height":495},{"@type":"BreadcrumbList","@id":"https:\/\/mary-zen.be\/?page_id=93#breadcrumb","itemListElement":[{"@type":"ListItem","position":1,"name":"Accueil","item":"https:\/\/mary-zen.be\/"},{"@type":"ListItem","position":2,"name":"Massage des 5 continents"}]},{"@type":"WebSite","@id":"https:\/\/mary-zen.be\/#website","url":"https:\/\/mary-zen.be\/","name":"Mary-zen.be","description":"","potentialAction":[{"@type":"SearchAction","target":{"@type":"EntryPoint","urlTemplate":"https:\/\/mary-zen.be\/?s={search_term_string}"},"query-input":{"@type":"PropertyValueSpecification","valueRequired":true,"valueName":"search_term_string"}}],"inLanguage":"en-US"}]}},"_links":{"self":[{"href":"https:\/\/mary-zen.be\/index.php?rest_route=\/wp\/v2\/pages\/93","targetHints":{"allow":["GET"]}}],"collection":[{"href":"https:\/\/mary-zen.be\/index.php?rest_route=\/wp\/v2\/pages"}],"about":[{"href":"https:\/\/mary-zen.be\/index.php?rest_route=\/wp\/v2\/types\/page"}],"author":[{"embeddable":true,"href":"https:\/\/mary-zen.be\/index.php?rest_route=\/wp\/v2\/users\/1"}],"replies":[{"embeddable":true,"href":"https:\/\/mary-zen.be\/index.php?rest_route=%2Fwp%2Fv2%2Fcomments&post=93"}],"version-history":[{"count":11,"href":"https:\/\/mary-zen.be\/index.php?rest_route=\/wp\/v2\/pages\/93\/revisions"}],"predecessor-version":[{"id":305,"href":"https:\/\/mary-zen.be\/index.php?rest_route=\/wp\/v2\/pages\/93\/revisions\/305"}],"wp:attachment":[{"href":"https:\/\/mary-zen.be\/index.php?rest_route=%2Fwp%2Fv2%2Fmedia&parent=93"}],"curies":[{"name":"wp","href":"https:\/\/api.w.org\/{rel}","templated":true}]}}